{"id":787,"date":"2025-03-18T16:42:20","date_gmt":"2025-03-18T15:42:20","guid":{"rendered":"https:\/\/2025.novelcast.com\/?page_id=787"},"modified":"2026-03-24T16:51:39","modified_gmt":"2026-03-24T15:51:39","slug":"a-propos-de-nous","status":"publish","type":"page","link":"https:\/\/2025.novelcast.com\/?page_id=787","title":{"rendered":"\u00c0 propos de nous"},"content":{"rendered":"\t\t<div data-elementor-type=\"wp-page\" data-elementor-id=\"787\" class=\"elementor elementor-787\" data-elementor-post-type=\"page\">\n\t\t\t\t<div class=\"elementor-element elementor-element-42f81cb3 e-con-full e-flex qodef-elementor-content-no e-con e-parent\" data-id=\"42f81cb3\" data-element_type=\"container\" data-settings=\"{&quot;background_background&quot;:&quot;classic&quot;}\">\n\t\t<div class=\"elementor-element elementor-element-27b63d85 e-con-full e-flex qodef-elementor-content-no e-con e-child\" data-id=\"27b63d85\" data-element_type=\"container\">\n\t\t\t\t<div class=\"elementor-element elementor-element-39f3d584 elementor-widget__width-initial elementor-invisible elementor-widget elementor-widget-image\" data-id=\"39f3d584\" data-element_type=\"widget\" data-settings=\"{&quot;_animation&quot;:&quot;fadeInDown&quot;,&quot;_animation_tablet&quot;:&quot;fadeInLeft&quot;}\" data-widget_type=\"image.default\">\n\t\t\t\t<div class=\"elementor-widget-container\">\n\t\t\t\t\t\t\t\t\t\t\t\t\t\t\t<img fetchpriority=\"high\" decoding=\"async\" width=\"2048\" height=\"1362\" src=\"https:\/\/2025.novelcast.com\/wp-content\/uploads\/2025\/02\/OK_DSC_0008-2048x1362.jpg\" class=\"attachment-2048x2048 size-2048x2048 wp-image-758\" alt=\"\" srcset=\"https:\/\/2025.novelcast.com\/wp-content\/uploads\/2025\/02\/OK_DSC_0008-2048x1362.jpg 2048w, https:\/\/2025.novelcast.com\/wp-content\/uploads\/2025\/02\/OK_DSC_0008-300x199.jpg 300w, https:\/\/2025.novelcast.com\/wp-content\/uploads\/2025\/02\/OK_DSC_0008-1024x681.jpg 1024w, https:\/\/2025.novelcast.com\/wp-content\/uploads\/2025\/02\/OK_DSC_0008-768x511.jpg 768w, https:\/\/2025.novelcast.com\/wp-content\/uploads\/2025\/02\/OK_DSC_0008-1536x1021.jpg 1536w\" sizes=\"(max-width: 2048px) 100vw, 2048px\" \/>\t\t\t\t\t\t\t\t\t\t\t\t\t\t\t<\/div>\n\t\t\t\t<\/div>\n\t\t\t\t<div class=\"elementor-element elementor-element-2f4dcf24 elementor-widget__width-initial elementor-invisible elementor-widget elementor-widget-image\" data-id=\"2f4dcf24\" data-element_type=\"widget\" data-settings=\"{&quot;_animation&quot;:&quot;fadeInDown&quot;,&quot;_animation_tablet&quot;:&quot;fadeInRight&quot;,&quot;_animation_delay&quot;:&quot;200&quot;}\" data-widget_type=\"image.default\">\n\t\t\t\t<div class=\"elementor-widget-container\">\n\t\t\t\t\t\t\t\t\t\t\t\t\t\t\t<img decoding=\"async\" width=\"1024\" height=\"681\" src=\"https:\/\/2025.novelcast.com\/wp-content\/uploads\/2025\/02\/OK_DSC_0196-1024x681.jpg\" class=\"attachment-large size-large wp-image-776\" alt=\"\" srcset=\"https:\/\/2025.novelcast.com\/wp-content\/uploads\/2025\/02\/OK_DSC_0196-1024x681.jpg 1024w, https:\/\/2025.novelcast.com\/wp-content\/uploads\/2025\/02\/OK_DSC_0196-300x199.jpg 300w, https:\/\/2025.novelcast.com\/wp-content\/uploads\/2025\/02\/OK_DSC_0196-768x511.jpg 768w, https:\/\/2025.novelcast.com\/wp-content\/uploads\/2025\/02\/OK_DSC_0196-1536x1021.jpg 1536w, https:\/\/2025.novelcast.com\/wp-content\/uploads\/2025\/02\/OK_DSC_0196-2048x1362.jpg 2048w\" sizes=\"(max-width: 1024px) 100vw, 1024px\" \/>\t\t\t\t\t\t\t\t\t\t\t\t\t\t\t<\/div>\n\t\t\t\t<\/div>\n\t\t\t\t<div class=\"elementor-element elementor-element-2fbe9f9a elementor-widget elementor-widget-text-editor\" data-id=\"2fbe9f9a\" data-element_type=\"widget\" data-widget_type=\"text-editor.default\">\n\t\t\t\t<div class=\"elementor-widget-container\">\n\t\t\t\t\t\t\t\t\t<p><span style=\"font-weight: 400;\">\u00ab Nous souhaitons invisibiliser la technique pour laisser la place libre aux cr\u00e9ateurs. <\/span>\u00bb<\/p><p>Jean-Baptiste Jeannot, fondateur et directeur, a su transmettre \u00e0 son \u00e9quipe son expertise de longue date. Apr\u00e8s 25 ans d&rsquo;exp\u00e9rience en r\u00e9alisation de versions fran\u00e7aises,\u00a0il met son savoir-faire au service d\u2019une \u00e9quipe passionn\u00e9e par le r\u00e9cit. Pour lui, chaque projet est avant tout\u00a0<b>une belle histoire \u00e0 raconter.<\/b><\/p><p><span style=\"font-weight: 400;\">NOVELCAST est donc un studio convivial et chaleureux, propuls\u00e9 par une technologie pointue et exigeante, afin d&rsquo;optimiser les conditions de r\u00e9alisation.<br \/><\/span><\/p>\t\t\t\t\t\t\t\t<\/div>\n\t\t\t\t<\/div>\n\t\t\t\t<\/div>\n\t\t<div class=\"elementor-element elementor-element-10601f65 e-con-full e-flex qodef-elementor-content-no e-con e-child\" data-id=\"10601f65\" data-element_type=\"container\">\n\t\t\t\t<div class=\"elementor-element elementor-element-296ac000 elementor-widget elementor-widget-heading\" data-id=\"296ac000\" data-element_type=\"widget\" data-widget_type=\"heading.default\">\n\t\t\t\t<div class=\"elementor-widget-container\">\n\t\t\t\t\t<h2 class=\"elementor-heading-title elementor-size-default\">\u00ab Ma\u00eetriser la technologie pour la rendre invisible \u00bb\n<\/h2>\t\t\t\t<\/div>\n\t\t\t\t<\/div>\n\t\t\t\t<div class=\"elementor-element elementor-element-786e7ef elementor-widget__width-inherit elementor-invisible elementor-widget elementor-widget-image\" data-id=\"786e7ef\" data-element_type=\"widget\" data-settings=\"{&quot;_animation&quot;:&quot;fadeIn&quot;}\" data-widget_type=\"image.default\">\n\t\t\t\t<div class=\"elementor-widget-container\">\n\t\t\t\t\t\t\t\t\t\t\t\t\t\t\t<img decoding=\"async\" width=\"1024\" height=\"681\" src=\"https:\/\/2025.novelcast.com\/wp-content\/uploads\/2025\/03\/OK_DSC_0058-1024x681.jpg\" class=\"attachment-large size-large wp-image-998\" alt=\"\" srcset=\"https:\/\/2025.novelcast.com\/wp-content\/uploads\/2025\/03\/OK_DSC_0058-1024x681.jpg 1024w, https:\/\/2025.novelcast.com\/wp-content\/uploads\/2025\/03\/OK_DSC_0058-300x199.jpg 300w, https:\/\/2025.novelcast.com\/wp-content\/uploads\/2025\/03\/OK_DSC_0058-768x511.jpg 768w, https:\/\/2025.novelcast.com\/wp-content\/uploads\/2025\/03\/OK_DSC_0058-1536x1021.jpg 1536w, https:\/\/2025.novelcast.com\/wp-content\/uploads\/2025\/03\/OK_DSC_0058-2048x1362.jpg 2048w\" sizes=\"(max-width: 1024px) 100vw, 1024px\" \/>\t\t\t\t\t\t\t\t\t\t\t\t\t\t\t<\/div>\n\t\t\t\t<\/div>\n\t\t\t\t<\/div>\n\t\t\t\t<\/div>\n\t\t<div class=\"elementor-element elementor-element-52205f0 e-flex e-con-boxed qodef-elementor-content-no e-con e-parent\" data-id=\"52205f0\" data-element_type=\"container\" data-settings=\"{&quot;background_background&quot;:&quot;classic&quot;}\">\n\t\t\t\t\t<div class=\"e-con-inner\">\n\t\t\t\t<div class=\"elementor-element elementor-element-163a659 elementor-widget elementor-widget-text-editor\" data-id=\"163a659\" data-element_type=\"widget\" data-widget_type=\"text-editor.default\">\n\t\t\t\t<div class=\"elementor-widget-container\">\n\t\t\t\t\t\t\t\t\t<p><span style=\"font-weight: 400;\">Nos bureaux et nos studios sont \u00e9quip\u00e9s de mat\u00e9riel de confiance (micro Neumann u87, schoeps, preampli <\/span><span style=\"font-weight: 400;\">avallon, SSL, enceintes Focal, protools HDX utlimate, montage Dolby Atmos\u2026), et am\u00e9nag\u00e9s comme des salons, des endroits cosy et conviviaux pour travailler de mani\u00e8re d\u00e9tendue.<\/span><\/p><p><span style=\"font-weight: 400;\"><br \/><\/span><span style=\"font-weight: 400;\"> Nous avons aussi d\u00e9velopp\u00e9 des logiciels internes de solveur de planning par algorithme, d\u2019analyse des scripts, d\u2019extraction de mots \u00e9trangers des scripts pdf, ou de mixage par contr\u00f4le virtuel. Ils nous permettent de r\u00e9duire la part fastidieuse de la technologie pour rendre plus fluide le travail des r\u00e9alisateurs et des interpr\u00e8tes.\u00a0<\/span><\/p>\t\t\t\t\t\t\t\t<\/div>\n\t\t\t\t<\/div>\n\t\t\t\t\t<\/div>\n\t\t\t\t<\/div>\n\t\t<div class=\"elementor-element elementor-element-e961c77 e-flex e-con-boxed qodef-elementor-content-no e-con e-parent\" data-id=\"e961c77\" data-element_type=\"container\" data-settings=\"{&quot;background_background&quot;:&quot;classic&quot;}\">\n\t\t\t\t\t<div class=\"e-con-inner\">\n\t\t\t\t<div class=\"elementor-element elementor-element-3c357899 elementor-widget elementor-widget-heading\" data-id=\"3c357899\" data-element_type=\"widget\" data-widget_type=\"heading.default\">\n\t\t\t\t<div class=\"elementor-widget-container\">\n\t\t\t\t\t<h1 class=\"elementor-heading-title elementor-size-default\">Un savoir faire <br>multi-projet<\/h1>\t\t\t\t<\/div>\n\t\t\t\t<\/div>\n\t\t\t\t\t<\/div>\n\t\t\t\t<\/div>\n\t\t<div class=\"elementor-element elementor-element-968a8db e-flex e-con-boxed qodef-elementor-content-no e-con e-parent\" data-id=\"968a8db\" data-element_type=\"container\" data-settings=\"{&quot;background_background&quot;:&quot;classic&quot;}\">\n\t\t\t\t\t<div class=\"e-con-inner\">\n\t\t\t\t<div class=\"elementor-element elementor-element-84f1411 elementor-widget elementor-widget-text-editor\" data-id=\"84f1411\" data-element_type=\"widget\" data-widget_type=\"text-editor.default\">\n\t\t\t\t<div class=\"elementor-widget-container\">\n\t\t\t\t\t\t\t\t\t<p><span style=\"color: var( --e-global-color-text );\"><b>Vous souhaitez mixer en Dolby Atmos ? <br \/><\/b>Nous irons louer le studio qu\u2019il vous faut. Nous travaillons avec\u00a0<\/span><a href=\"https:\/\/sodasound.fr\/\" target=\"_blank\" rel=\"noopener\"><b><u>SodaSound\u00a0<\/u><\/b><\/a><span style=\"color: var( --e-global-color-text );\">quand les projets le n\u00e9cessitent.\u00a0<\/span><\/p>\t\t\t\t\t\t\t\t<\/div>\n\t\t\t\t<\/div>\n\t\t\t\t\t<\/div>\n\t\t\t\t<\/div>\n\t\t<div class=\"elementor-element elementor-element-8d52546 e-con-full e-flex qodef-elementor-content-no e-con e-parent\" data-id=\"8d52546\" data-element_type=\"container\" data-settings=\"{&quot;background_background&quot;:&quot;classic&quot;}\">\n\t\t\t\t<div class=\"elementor-element elementor-element-e737328 elementor-widget__width-inherit elementor-widget elementor-widget-gallery\" data-id=\"e737328\" data-element_type=\"widget\" data-settings=\"{&quot;gallery_layout&quot;:&quot;masonry&quot;,&quot;columns&quot;:2,&quot;overlay_description&quot;:&quot;caption&quot;,&quot;lazyload&quot;:&quot;yes&quot;,&quot;columns_tablet&quot;:2,&quot;columns_mobile&quot;:1,&quot;gap&quot;:{&quot;unit&quot;:&quot;px&quot;,&quot;size&quot;:10,&quot;sizes&quot;:[]},&quot;gap_tablet&quot;:{&quot;unit&quot;:&quot;px&quot;,&quot;size&quot;:10,&quot;sizes&quot;:[]},&quot;gap_mobile&quot;:{&quot;unit&quot;:&quot;px&quot;,&quot;size&quot;:10,&quot;sizes&quot;:[]},&quot;link_to&quot;:&quot;file&quot;,&quot;overlay_background&quot;:&quot;yes&quot;,&quot;content_hover_animation&quot;:&quot;fade-in&quot;}\" data-widget_type=\"gallery.default\">\n\t\t\t\t<div class=\"elementor-widget-container\">\n\t\t\t\t\t\t\t<div class=\"elementor-gallery__container\">\n\t\t\t\t\t\t\t<a class=\"e-gallery-item elementor-gallery-item elementor-animated-content\" href=\"https:\/\/2025.novelcast.com\/wp-content\/uploads\/2025\/03\/Casta-Dali_Lambert_AUDIBLE-22-scaled.jpg\" data-elementor-open-lightbox=\"no\">\n\t\t\t\t\t<div class=\"e-gallery-image elementor-gallery-item__image\" data-thumbnail=\"https:\/\/2025.novelcast.com\/wp-content\/uploads\/2025\/03\/Casta-Dali_Lambert_AUDIBLE-22-1638x2048.jpg\" data-width=\"1638\" data-height=\"2048\" aria-label=\"\" role=\"img\" ><\/div>\n\t\t\t\t\t\t\t\t\t\t\t<div class=\"elementor-gallery-item__overlay\"><\/div>\n\t\t\t\t\t\t\t\t\t\t\t\t\t\t\t<div class=\"elementor-gallery-item__content\">\n\t\t\t\t\t\t\t\t\t\t\t\t\t\t<div class=\"elementor-gallery-item__description\">\n\t\t\t\t\t\t\t\t\t\t\t\t\t\t\t\t\t\t\u00a9Audible France\t\t\t\t\t\t\t\t<\/div>\n\t\t\t\t\t\t\t\t\t\t\t\t<\/div>\n\t\t\t\t\t\t\t\t\t<\/a>\n\t\t\t\t\t\t\t<a class=\"e-gallery-item elementor-gallery-item elementor-animated-content\" href=\"https:\/\/2025.novelcast.com\/wp-content\/uploads\/2025\/03\/Casta-Dali_Lambert_AUDIBLE-23-scaled.jpg\" data-elementor-open-lightbox=\"no\">\n\t\t\t\t\t<div class=\"e-gallery-image elementor-gallery-item__image\" data-thumbnail=\"https:\/\/2025.novelcast.com\/wp-content\/uploads\/2025\/03\/Casta-Dali_Lambert_AUDIBLE-23-2048x1365.jpg\" data-width=\"2048\" data-height=\"1365\" aria-label=\"\" role=\"img\" ><\/div>\n\t\t\t\t\t\t\t\t\t\t\t<div class=\"elementor-gallery-item__overlay\"><\/div>\n\t\t\t\t\t\t\t\t\t\t\t\t\t\t\t<div class=\"elementor-gallery-item__content\">\n\t\t\t\t\t\t\t\t\t\t\t\t\t\t<div class=\"elementor-gallery-item__description\">\n\t\t\t\t\t\t\t\t\t\t\t\t\t\t\t\t\t\t\u00a9Audible France\t\t\t\t\t\t\t\t<\/div>\n\t\t\t\t\t\t\t\t\t\t\t\t<\/div>\n\t\t\t\t\t\t\t\t\t<\/a>\n\t\t\t\t\t\t\t<a class=\"e-gallery-item elementor-gallery-item elementor-animated-content\" href=\"https:\/\/2025.novelcast.com\/wp-content\/uploads\/2025\/03\/Casta-Dali_Lambert_AUDIBLE-17-scaled.jpg\" data-elementor-open-lightbox=\"no\">\n\t\t\t\t\t<div class=\"e-gallery-image elementor-gallery-item__image\" data-thumbnail=\"https:\/\/2025.novelcast.com\/wp-content\/uploads\/2025\/03\/Casta-Dali_Lambert_AUDIBLE-17-2048x1365.jpg\" data-width=\"2048\" data-height=\"1365\" aria-label=\"\" role=\"img\" ><\/div>\n\t\t\t\t\t\t\t\t\t\t\t<div class=\"elementor-gallery-item__overlay\"><\/div>\n\t\t\t\t\t\t\t\t\t\t\t\t\t\t\t<div class=\"elementor-gallery-item__content\">\n\t\t\t\t\t\t\t\t\t\t\t\t\t\t<div class=\"elementor-gallery-item__description\">\n\t\t\t\t\t\t\t\t\t\t\t\t\t\t\t\t\t\t\u00a9Audible France\t\t\t\t\t\t\t\t<\/div>\n\t\t\t\t\t\t\t\t\t\t\t\t<\/div>\n\t\t\t\t\t\t\t\t\t<\/a>\n\t\t\t\t\t<\/div>\n\t\t\t\t\t<\/div>\n\t\t\t\t<\/div>\n\t\t\t\t<\/div>\n\t\t<div class=\"elementor-element elementor-element-c7389b0 e-flex e-con-boxed qodef-elementor-content-no e-con e-parent\" data-id=\"c7389b0\" data-element_type=\"container\" data-settings=\"{&quot;background_background&quot;:&quot;classic&quot;}\">\n\t\t\t\t\t<div class=\"e-con-inner\">\n\t\t\t\t<div class=\"elementor-element elementor-element-007e779 elementor-widget elementor-widget-text-editor\" data-id=\"007e779\" data-element_type=\"widget\" data-widget_type=\"text-editor.default\">\n\t\t\t\t<div class=\"elementor-widget-container\">\n\t\t\t\t\t\t\t\t\t<p><b>Vous souhaitez tourner en ext\u00e9rieur ? <br \/><\/b>Nos ing\u00e9nieurs du son travaillent aussi sur les tournages et sauront adapter la r\u00e9alisation aux conditions de tournage.<\/p>\t\t\t\t\t\t\t\t<\/div>\n\t\t\t\t<\/div>\n\t\t\t\t\t<\/div>\n\t\t\t\t<\/div>\n\t\t<div class=\"elementor-element elementor-element-dd40b87 e-con-full e-flex qodef-elementor-content-no e-con e-parent\" data-id=\"dd40b87\" data-element_type=\"container\">\n\t\t\t\t<div class=\"elementor-element elementor-element-564bdb8 elementor-widget elementor-widget-gallery\" data-id=\"564bdb8\" data-element_type=\"widget\" data-settings=\"{&quot;columns&quot;:2,&quot;aspect_ratio&quot;:&quot;16:9&quot;,&quot;lazyload&quot;:&quot;yes&quot;,&quot;gallery_layout&quot;:&quot;grid&quot;,&quot;columns_tablet&quot;:2,&quot;columns_mobile&quot;:1,&quot;gap&quot;:{&quot;unit&quot;:&quot;px&quot;,&quot;size&quot;:10,&quot;sizes&quot;:[]},&quot;gap_tablet&quot;:{&quot;unit&quot;:&quot;px&quot;,&quot;size&quot;:10,&quot;sizes&quot;:[]},&quot;gap_mobile&quot;:{&quot;unit&quot;:&quot;px&quot;,&quot;size&quot;:10,&quot;sizes&quot;:[]},&quot;overlay_background&quot;:&quot;yes&quot;,&quot;content_hover_animation&quot;:&quot;fade-in&quot;}\" data-widget_type=\"gallery.default\">\n\t\t\t\t<div class=\"elementor-widget-container\">\n\t\t\t\t\t\t\t<div class=\"elementor-gallery__container\">\n\t\t\t\t\t\t\t<div class=\"e-gallery-item elementor-gallery-item elementor-animated-content\">\n\t\t\t\t\t<div class=\"e-gallery-image elementor-gallery-item__image\" data-thumbnail=\"https:\/\/2025.novelcast.com\/wp-content\/uploads\/2025\/03\/rec_exte2.png\" data-width=\"709\" data-height=\"399\" aria-label=\"\" role=\"img\" ><\/div>\n\t\t\t\t\t\t\t\t\t\t\t<div class=\"elementor-gallery-item__overlay\"><\/div>\n\t\t\t\t\t\t\t\t\t\t\t\t\t\t<\/div>\n\t\t\t\t\t\t\t<div class=\"e-gallery-item elementor-gallery-item elementor-animated-content\">\n\t\t\t\t\t<div class=\"e-gallery-image elementor-gallery-item__image\" data-thumbnail=\"https:\/\/2025.novelcast.com\/wp-content\/uploads\/2025\/03\/rec_exte.png\" data-width=\"795\" data-height=\"423\" aria-label=\"\" role=\"img\" ><\/div>\n\t\t\t\t\t\t\t\t\t\t\t<div class=\"elementor-gallery-item__overlay\"><\/div>\n\t\t\t\t\t\t\t\t\t\t\t\t\t\t<\/div>\n\t\t\t\t\t<\/div>\n\t\t\t\t\t<\/div>\n\t\t\t\t<\/div>\n\t\t\t\t<\/div>\n\t\t<div class=\"elementor-element elementor-element-4aa4a36 e-flex e-con-boxed qodef-elementor-content-no e-con e-parent\" data-id=\"4aa4a36\" data-element_type=\"container\" data-settings=\"{&quot;background_background&quot;:&quot;classic&quot;}\">\n\t\t\t\t\t<div class=\"e-con-inner\">\n\t\t\t\t<div class=\"elementor-element elementor-element-dfb6f13 elementor-widget elementor-widget-text-editor\" data-id=\"dfb6f13\" data-element_type=\"widget\" data-widget_type=\"text-editor.default\">\n\t\t\t\t<div class=\"elementor-widget-container\">\n\t\t\t\t\t\t\t\t\t<p><b> Votre projet necessite des bruitages in\u00e9dits ? <br \/><\/b>Nous r\u00e9alisons r\u00e9guli\u00e8rement des prises de sons pour toujours \u00e9toffer notre sonoth\u00e8que personnelle et in\u00e9dite.<\/p>\t\t\t\t\t\t\t\t<\/div>\n\t\t\t\t<\/div>\n\t\t\t\t\t<\/div>\n\t\t\t\t<\/div>\n\t\t<div class=\"elementor-element elementor-element-23d8b29 e-con-full e-flex qodef-elementor-content-no e-con e-parent\" data-id=\"23d8b29\" data-element_type=\"container\">\n\t\t\t\t<div class=\"elementor-element elementor-element-07a8f58 elementor-widget elementor-widget-video\" data-id=\"07a8f58\" data-element_type=\"widget\" data-settings=\"{&quot;youtube_url&quot;:&quot;https:\\\/\\\/www.youtube.com\\\/watch?v=G2AzU7Bbeec&quot;,&quot;autoplay&quot;:&quot;yes&quot;,&quot;mute&quot;:&quot;yes&quot;,&quot;loop&quot;:&quot;yes&quot;,&quot;yt_privacy&quot;:&quot;yes&quot;,&quot;video_type&quot;:&quot;youtube&quot;}\" data-widget_type=\"video.default\">\n\t\t\t\t<div class=\"elementor-widget-container\">\n\t\t\t\t\t\t\t<div class=\"elementor-wrapper elementor-open-inline\">\n\t\t\t<div class=\"elementor-video\"><\/div>\t\t<\/div>\n\t\t\t\t\t\t<\/div>\n\t\t\t\t<\/div>\n\t\t\t\t<\/div>\n\t\t\t\t<\/div>\n\t\t","protected":false},"excerpt":{"rendered":"<p>\u00ab Nous souhaitons invisibiliser la technique pour laisser la place libre aux cr\u00e9ateurs. \u00bb Jean-Baptiste Jeannot, fondateur et directeur, a su transmettre \u00e0 son \u00e9quipe son expertise de longue date. Apr\u00e8s 25 ans d&rsquo;exp\u00e9rience en r\u00e9alisation de versions fran\u00e7aises,\u00a0il met son savoir-faire au service d\u2019une \u00e9quipe passionn\u00e9e par le r\u00e9cit. Pour lui, chaque projet est [&hellip;]<\/p>\n","protected":false},"author":1,"featured_media":0,"parent":0,"menu_order":1,"comment_status":"closed","ping_status":"closed","template":"elementor_header_footer","meta":{"footnotes":""},"class_list":["post-787","page","type-page","status-publish","hentry"],"_links":{"self":[{"href":"https:\/\/2025.novelcast.com\/index.php?rest_route=\/wp\/v2\/pages\/787","targetHints":{"allow":["GET"]}}],"collection":[{"href":"https:\/\/2025.novelcast.com\/index.php?rest_route=\/wp\/v2\/pages"}],"about":[{"href":"https:\/\/2025.novelcast.com\/index.php?rest_route=\/wp\/v2\/types\/page"}],"author":[{"embeddable":true,"href":"https:\/\/2025.novelcast.com\/index.php?rest_route=\/wp\/v2\/users\/1"}],"replies":[{"embeddable":true,"href":"https:\/\/2025.novelcast.com\/index.php?rest_route=%2Fwp%2Fv2%2Fcomments&post=787"}],"version-history":[{"count":26,"href":"https:\/\/2025.novelcast.com\/index.php?rest_route=\/wp\/v2\/pages\/787\/revisions"}],"predecessor-version":[{"id":3121,"href":"https:\/\/2025.novelcast.com\/index.php?rest_route=\/wp\/v2\/pages\/787\/revisions\/3121"}],"wp:attachment":[{"href":"https:\/\/2025.novelcast.com\/index.php?rest_route=%2Fwp%2Fv2%2Fmedia&parent=787"}],"curies":[{"name":"wp","href":"https:\/\/api.w.org\/{rel}","templated":true}]}}