{"id":418,"date":"2025-02-18T18:13:34","date_gmt":"2025-02-18T17:13:34","guid":{"rendered":"https:\/\/2025.novelcast.com\/?page_id=418"},"modified":"2026-03-25T16:21:09","modified_gmt":"2026-03-25T15:21:09","slug":"contact-novelcast","status":"publish","type":"page","link":"https:\/\/2025.novelcast.com\/?page_id=418","title":{"rendered":"Nous contacter"},"content":{"rendered":"\t\t<div data-elementor-type=\"wp-page\" data-elementor-id=\"418\" class=\"elementor elementor-418\" data-elementor-post-type=\"page\">\n\t\t\t\t<div class=\"elementor-element elementor-element-78567500 e-con-full e-flex qodef-elementor-content-no e-con e-parent\" data-id=\"78567500\" data-element_type=\"container\" data-settings=\"{&quot;background_background&quot;:&quot;gradient&quot;,&quot;sticky&quot;:&quot;top&quot;,&quot;sticky_on&quot;:[&quot;desktop&quot;,&quot;tablet&quot;,&quot;mobile&quot;],&quot;sticky_offset&quot;:0,&quot;sticky_effects_offset&quot;:0,&quot;sticky_anchor_link_offset&quot;:0}\">\n\t\t<div class=\"elementor-element elementor-element-31dd31fe e-con-full e-flex qodef-elementor-content-no e-con e-child\" data-id=\"31dd31fe\" data-element_type=\"container\">\n\t\t\t\t<div class=\"elementor-element elementor-element-35af99f9 elementor-widget elementor-widget-theme-site-logo elementor-widget-image\" data-id=\"35af99f9\" data-element_type=\"widget\" data-widget_type=\"theme-site-logo.default\">\n\t\t\t\t<div class=\"elementor-widget-container\">\n\t\t\t\t\t\t\t\t\t\t\t<a href=\"https:\/\/2025.novelcast.com\">\n\t\t\t<img decoding=\"async\" width=\"350\" height=\"100\" src=\"https:\/\/2025.novelcast.com\/wp-content\/uploads\/2025\/02\/logo_compressed2.png\" class=\"attachment-qode_essential_addons_image_size_portrait size-qode_essential_addons_image_size_portrait wp-image-123\" alt=\"\" srcset=\"https:\/\/2025.novelcast.com\/wp-content\/uploads\/2025\/02\/logo_compressed2.png 350w, https:\/\/2025.novelcast.com\/wp-content\/uploads\/2025\/02\/logo_compressed2-300x86.png 300w\" sizes=\"(max-width: 350px) 100vw, 350px\" \/>\t\t\t\t<\/a>\n\t\t\t\t\t\t\t\t\t\t\t<\/div>\n\t\t\t\t<\/div>\n\t\t\t\t<\/div>\n\t\t<div class=\"elementor-element elementor-element-43eeb228 e-con-full e-flex qodef-elementor-content-no e-con e-child\" data-id=\"43eeb228\" data-element_type=\"container\">\n\t\t\t\t<div class=\"elementor-element elementor-element-11ad8dad elementor-nav-menu--stretch elementor-nav-menu__align-end elementor-nav-menu--dropdown-mobile elementor-widget__width-initial elementor-nav-menu__text-align-aside elementor-nav-menu--toggle elementor-nav-menu--burger elementor-widget elementor-widget-nav-menu\" data-id=\"11ad8dad\" data-element_type=\"widget\" data-settings=\"{&quot;full_width&quot;:&quot;stretch&quot;,&quot;layout&quot;:&quot;horizontal&quot;,&quot;submenu_icon&quot;:{&quot;value&quot;:&quot;&lt;svg class=\\&quot;e-font-icon-svg e-fas-caret-down\\&quot; viewBox=\\&quot;0 0 320 512\\&quot; xmlns=\\&quot;http:\\\/\\\/www.w3.org\\\/2000\\\/svg\\&quot;&gt;&lt;path d=\\&quot;M31.3 192h257.3c17.8 0 26.7 21.5 14.1 34.1L174.1 354.8c-7.8 7.8-20.5 7.8-28.3 0L17.2 226.1C4.6 213.5 13.5 192 31.3 192z\\&quot;&gt;&lt;\\\/path&gt;&lt;\\\/svg&gt;&quot;,&quot;library&quot;:&quot;fa-solid&quot;},&quot;toggle&quot;:&quot;burger&quot;}\" data-widget_type=\"nav-menu.default\">\n\t\t\t\t<div class=\"elementor-widget-container\">\n\t\t\t\t\t\t\t\t<nav aria-label=\"Menu\" class=\"elementor-nav-menu--main elementor-nav-menu__container elementor-nav-menu--layout-horizontal e--pointer-underline e--animation-fade\">\n\t\t\t\t<ul id=\"menu-1-11ad8dad\" class=\"elementor-nav-menu\"><li class=\"menu-item menu-item-type-post_type menu-item-object-page menu-item-has-children menu-item-1037 qodef-menu-item--narrow\"><a href=\"https:\/\/2025.novelcast.com\/?page_id=787\" class=\"elementor-item\">\u00c0 propos de nous<\/a>\n<ul class=\"sub-menu elementor-nav-menu--dropdown\">\n\t<li class=\"menu-item menu-item-type-post_type menu-item-object-page menu-item-2180\"><a href=\"https:\/\/2025.novelcast.com\/?page_id=787\" class=\"elementor-sub-item\">\u00c0 propos de nous<\/a><\/li>\n\t<li class=\"menu-item menu-item-type-post_type menu-item-object-page menu-item-483\"><a href=\"https:\/\/2025.novelcast.com\/?page_id=116\" class=\"elementor-sub-item\">L\u2019\u00e9quipe<\/a><\/li>\n\t<li class=\"menu-item menu-item-type-post_type menu-item-object-page menu-item-996\"><a href=\"https:\/\/2025.novelcast.com\/?page_id=951\" class=\"elementor-sub-item\">Nos studios<\/a><\/li>\n<\/ul>\n<\/li>\n<li class=\"menu-item menu-item-type-post_type menu-item-object-page menu-item-482\"><a href=\"https:\/\/2025.novelcast.com\/?page_id=430\" class=\"elementor-item\">Nos services<\/a><\/li>\n<li class=\"menu-item menu-item-type-post_type menu-item-object-page menu-item-1484\"><a href=\"https:\/\/2025.novelcast.com\/?page_id=1453\" class=\"elementor-item\">Nos r\u00e9alisations<\/a><\/li>\n<li class=\"menu-item menu-item-type-post_type menu-item-object-page menu-item-1294\"><a href=\"https:\/\/2025.novelcast.com\/?page_id=1034\" class=\"elementor-item\">Nos formations<\/a><\/li>\n<li class=\"menu-item menu-item-type-post_type menu-item-object-page menu-item-479\"><a href=\"https:\/\/2025.novelcast.com\/?page_id=418\" class=\"elementor-item\">Nous contacter<\/a><\/li>\n<\/ul>\t\t\t<\/nav>\n\t\t\t\t\t<div class=\"elementor-menu-toggle\" role=\"button\" tabindex=\"0\" aria-label=\"Permuter le menu\" aria-expanded=\"false\">\n\t\t\t<svg aria-hidden=\"true\" role=\"presentation\" class=\"elementor-menu-toggle__icon--open e-font-icon-svg e-eicon-menu-bar\" viewBox=\"0 0 1000 1000\" xmlns=\"http:\/\/www.w3.org\/2000\/svg\"><path d=\"M104 333H896C929 333 958 304 958 271S929 208 896 208H104C71 208 42 237 42 271S71 333 104 333ZM104 583H896C929 583 958 554 958 521S929 458 896 458H104C71 458 42 487 42 521S71 583 104 583ZM104 833H896C929 833 958 804 958 771S929 708 896 708H104C71 708 42 737 42 771S71 833 104 833Z\"><\/path><\/svg><svg aria-hidden=\"true\" role=\"presentation\" class=\"elementor-menu-toggle__icon--close e-font-icon-svg e-eicon-close\" viewBox=\"0 0 1000 1000\" xmlns=\"http:\/\/www.w3.org\/2000\/svg\"><path d=\"M742 167L500 408 258 167C246 154 233 150 217 150 196 150 179 158 167 167 154 179 150 196 150 212 150 229 154 242 171 254L408 500 167 742C138 771 138 800 167 829 196 858 225 858 254 829L496 587 738 829C750 842 767 846 783 846 800 846 817 842 829 829 842 817 846 804 846 783 846 767 842 750 829 737L588 500 833 258C863 229 863 200 833 171 804 137 775 137 742 167Z\"><\/path><\/svg>\t\t<\/div>\n\t\t\t\t\t<nav class=\"elementor-nav-menu--dropdown elementor-nav-menu__container\" aria-hidden=\"true\">\n\t\t\t\t<ul id=\"menu-2-11ad8dad\" class=\"elementor-nav-menu\"><li class=\"menu-item menu-item-type-post_type menu-item-object-page menu-item-has-children menu-item-1037 qodef-menu-item--narrow\"><a href=\"https:\/\/2025.novelcast.com\/?page_id=787\" class=\"elementor-item\" tabindex=\"-1\">\u00c0 propos de nous<\/a>\n<ul class=\"sub-menu elementor-nav-menu--dropdown\">\n\t<li class=\"menu-item menu-item-type-post_type menu-item-object-page menu-item-2180\"><a href=\"https:\/\/2025.novelcast.com\/?page_id=787\" class=\"elementor-sub-item\" tabindex=\"-1\">\u00c0 propos de nous<\/a><\/li>\n\t<li class=\"menu-item menu-item-type-post_type menu-item-object-page menu-item-483\"><a href=\"https:\/\/2025.novelcast.com\/?page_id=116\" class=\"elementor-sub-item\" tabindex=\"-1\">L\u2019\u00e9quipe<\/a><\/li>\n\t<li class=\"menu-item menu-item-type-post_type menu-item-object-page menu-item-996\"><a href=\"https:\/\/2025.novelcast.com\/?page_id=951\" class=\"elementor-sub-item\" tabindex=\"-1\">Nos studios<\/a><\/li>\n<\/ul>\n<\/li>\n<li class=\"menu-item menu-item-type-post_type menu-item-object-page menu-item-482\"><a href=\"https:\/\/2025.novelcast.com\/?page_id=430\" class=\"elementor-item\" tabindex=\"-1\">Nos services<\/a><\/li>\n<li class=\"menu-item menu-item-type-post_type menu-item-object-page menu-item-1484\"><a href=\"https:\/\/2025.novelcast.com\/?page_id=1453\" class=\"elementor-item\" tabindex=\"-1\">Nos r\u00e9alisations<\/a><\/li>\n<li class=\"menu-item menu-item-type-post_type menu-item-object-page menu-item-1294\"><a href=\"https:\/\/2025.novelcast.com\/?page_id=1034\" class=\"elementor-item\" tabindex=\"-1\">Nos formations<\/a><\/li>\n<li class=\"menu-item menu-item-type-post_type menu-item-object-page menu-item-479\"><a href=\"https:\/\/2025.novelcast.com\/?page_id=418\" class=\"elementor-item\" tabindex=\"-1\">Nous contacter<\/a><\/li>\n<\/ul>\t\t\t<\/nav>\n\t\t\t\t\t\t<\/div>\n\t\t\t\t<\/div>\n\t\t\t\t<\/div>\n\t\t\t\t<\/div>\n\t\t<div class=\"elementor-element elementor-element-71c06f70 e-con-full e-flex qodef-elementor-content-no e-con e-parent\" data-id=\"71c06f70\" data-element_type=\"container\">\n\t\t<div class=\"elementor-element elementor-element-4a73d7d1 e-con-full e-flex qodef-elementor-content-no e-con e-child\" data-id=\"4a73d7d1\" data-element_type=\"container\">\n\t\t\t\t<div class=\"elementor-element elementor-element-7f606e76 elementor-widget elementor-widget-heading\" data-id=\"7f606e76\" data-element_type=\"widget\" data-widget_type=\"heading.default\">\n\t\t\t\t<div class=\"elementor-widget-container\">\n\t\t\t\t\t<h1 class=\"elementor-heading-title elementor-size-default\">Chez Novelcast...<\/h1>\t\t\t\t<\/div>\n\t\t\t\t<\/div>\n\t\t\t\t<div class=\"elementor-element elementor-element-17275e0d elementor-widget elementor-widget-text-editor\" data-id=\"17275e0d\" data-element_type=\"widget\" data-widget_type=\"text-editor.default\">\n\t\t\t\t<div class=\"elementor-widget-container\">\n\t\t\t\t\t\t\t\t\t<p>nous sommes toujours ouverts \u00e0 de nouvelles collaborations.<\/p><p>N&rsquo;h\u00e9sitez pas \u00e0 nous contacter, nous serons ravis d&rsquo;\u00e9changer avec vous !<\/p>\t\t\t\t\t\t\t\t<\/div>\n\t\t\t\t<\/div>\n\t\t\t\t<\/div>\n\t\t<div class=\"elementor-element elementor-element-3960979d e-con-full e-flex qodef-elementor-content-no e-con e-child\" data-id=\"3960979d\" data-element_type=\"container\">\n\t\t\t\t<div class=\"elementor-element elementor-element-3297dd99 elementor-widget elementor-widget-image\" data-id=\"3297dd99\" data-element_type=\"widget\" data-widget_type=\"image.default\">\n\t\t\t\t<div class=\"elementor-widget-container\">\n\t\t\t\t\t\t\t\t\t\t\t\t\t\t\t<img fetchpriority=\"high\" decoding=\"async\" width=\"1024\" height=\"681\" src=\"https:\/\/2025.novelcast.com\/wp-content\/uploads\/2025\/02\/OK_DSC_0075-1024x681.jpg\" class=\"attachment-large size-large wp-image-762\" alt=\"\" srcset=\"https:\/\/2025.novelcast.com\/wp-content\/uploads\/2025\/02\/OK_DSC_0075-1024x681.jpg 1024w, https:\/\/2025.novelcast.com\/wp-content\/uploads\/2025\/02\/OK_DSC_0075-300x199.jpg 300w, https:\/\/2025.novelcast.com\/wp-content\/uploads\/2025\/02\/OK_DSC_0075-768x511.jpg 768w, https:\/\/2025.novelcast.com\/wp-content\/uploads\/2025\/02\/OK_DSC_0075-1536x1021.jpg 1536w, https:\/\/2025.novelcast.com\/wp-content\/uploads\/2025\/02\/OK_DSC_0075-2048x1362.jpg 2048w\" sizes=\"(max-width: 1024px) 100vw, 1024px\" \/>\t\t\t\t\t\t\t\t\t\t\t\t\t\t\t<\/div>\n\t\t\t\t<\/div>\n\t\t\t\t<\/div>\n\t\t\t\t<\/div>\n\t\t<div class=\"elementor-element elementor-element-3f94c5d3 e-con-full e-flex qodef-elementor-content-no e-con e-parent\" data-id=\"3f94c5d3\" data-element_type=\"container\" data-settings=\"{&quot;background_background&quot;:&quot;classic&quot;}\">\n\t\t<div class=\"elementor-element elementor-element-2dc915f2 e-con-full e-flex qodef-elementor-content-no e-con e-child\" data-id=\"2dc915f2\" data-element_type=\"container\">\n\t\t\t\t<div class=\"elementor-element elementor-element-2f66d189 elementor-widget__width-inherit elementor-widget elementor-widget-image\" data-id=\"2f66d189\" data-element_type=\"widget\" data-widget_type=\"image.default\">\n\t\t\t\t<div class=\"elementor-widget-container\">\n\t\t\t\t\t\t\t\t\t\t\t\t\t\t\t<img decoding=\"async\" width=\"1024\" height=\"681\" src=\"https:\/\/2025.novelcast.com\/wp-content\/uploads\/2025\/02\/OK_DSC_0076-1024x681.jpg\" class=\"attachment-large size-large wp-image-763\" alt=\"\" srcset=\"https:\/\/2025.novelcast.com\/wp-content\/uploads\/2025\/02\/OK_DSC_0076-1024x681.jpg 1024w, https:\/\/2025.novelcast.com\/wp-content\/uploads\/2025\/02\/OK_DSC_0076-300x199.jpg 300w, https:\/\/2025.novelcast.com\/wp-content\/uploads\/2025\/02\/OK_DSC_0076-768x511.jpg 768w, https:\/\/2025.novelcast.com\/wp-content\/uploads\/2025\/02\/OK_DSC_0076-1536x1021.jpg 1536w, https:\/\/2025.novelcast.com\/wp-content\/uploads\/2025\/02\/OK_DSC_0076-2048x1362.jpg 2048w\" sizes=\"(max-width: 1024px) 100vw, 1024px\" \/>\t\t\t\t\t\t\t\t\t\t\t\t\t\t\t<\/div>\n\t\t\t\t<\/div>\n\t\t\t\t<\/div>\n\t\t<div class=\"elementor-element elementor-element-7c01d4f9 e-con-full e-flex qodef-elementor-content-no e-con e-child\" data-id=\"7c01d4f9\" data-element_type=\"container\">\n\t\t\t\t<div class=\"elementor-element elementor-element-2a8aa3be elementor-align-left elementor-widget__width-inherit elementor-icon-list--layout-traditional elementor-list-item-link-full_width elementor-invisible elementor-widget elementor-widget-icon-list\" data-id=\"2a8aa3be\" data-element_type=\"widget\" data-settings=\"{&quot;_animation&quot;:&quot;fadeIn&quot;}\" data-widget_type=\"icon-list.default\">\n\t\t\t\t<div class=\"elementor-widget-container\">\n\t\t\t\t\t\t\t<ul class=\"elementor-icon-list-items\">\n\t\t\t\t\t\t\t<li class=\"elementor-icon-list-item\">\n\t\t\t\t\t\t\t\t\t\t\t<span class=\"elementor-icon-list-icon\">\n\t\t\t\t\t\t\t<svg aria-hidden=\"true\" class=\"e-font-icon-svg e-fas-home\" viewBox=\"0 0 576 512\" xmlns=\"http:\/\/www.w3.org\/2000\/svg\"><path d=\"M280.37 148.26L96 300.11V464a16 16 0 0 0 16 16l112.06-.29a16 16 0 0 0 15.92-16V368a16 16 0 0 1 16-16h64a16 16 0 0 1 16 16v95.64a16 16 0 0 0 16 16.05L464 480a16 16 0 0 0 16-16V300L295.67 148.26a12.19 12.19 0 0 0-15.3 0zM571.6 251.47L488 182.56V44.05a12 12 0 0 0-12-12h-56a12 12 0 0 0-12 12v72.61L318.47 43a48 48 0 0 0-61 0L4.34 251.47a12 12 0 0 0-1.6 16.9l25.5 31A12 12 0 0 0 45.15 301l235.22-193.74a12.19 12.19 0 0 1 15.3 0L530.9 301a12 12 0 0 0 16.9-1.6l25.5-31a12 12 0 0 0-1.7-16.93z\"><\/path><\/svg>\t\t\t\t\t\t<\/span>\n\t\t\t\t\t\t\t\t\t\t<span class=\"elementor-icon-list-text\">84 rue de Buzenval, 75020 Paris<\/span>\n\t\t\t\t\t\t\t\t\t<\/li>\n\t\t\t\t\t\t\t\t<li class=\"elementor-icon-list-item\">\n\t\t\t\t\t\t\t\t\t\t\t<span class=\"elementor-icon-list-icon\">\n\t\t\t\t\t\t\t<svg aria-hidden=\"true\" class=\"e-font-icon-svg e-far-clock\" viewBox=\"0 0 512 512\" xmlns=\"http:\/\/www.w3.org\/2000\/svg\"><path d=\"M256 8C119 8 8 119 8 256s111 248 248 248 248-111 248-248S393 8 256 8zm0 448c-110.5 0-200-89.5-200-200S145.5 56 256 56s200 89.5 200 200-89.5 200-200 200zm61.8-104.4l-84.9-61.7c-3.1-2.3-4.9-5.9-4.9-9.7V116c0-6.6 5.4-12 12-12h32c6.6 0 12 5.4 12 12v141.7l66.8 48.6c5.4 3.9 6.5 11.4 2.6 16.8L334.6 349c-3.9 5.3-11.4 6.5-16.8 2.6z\"><\/path><\/svg>\t\t\t\t\t\t<\/span>\n\t\t\t\t\t\t\t\t\t\t<span class=\"elementor-icon-list-text\">Lundi - Vendredi \/ 9:30-18:30<\/span>\n\t\t\t\t\t\t\t\t\t<\/li>\n\t\t\t\t\t\t\t\t<li class=\"elementor-icon-list-item\">\n\t\t\t\t\t\t\t\t\t\t\t<span class=\"elementor-icon-list-icon\">\n\t\t\t\t\t\t\t<svg aria-hidden=\"true\" class=\"e-font-icon-svg e-fas-phone\" viewBox=\"0 0 512 512\" xmlns=\"http:\/\/www.w3.org\/2000\/svg\"><path d=\"M493.4 24.6l-104-24c-11.3-2.6-22.9 3.3-27.5 13.9l-48 112c-4.2 9.8-1.4 21.3 6.9 28l60.6 49.6c-36 76.7-98.9 140.5-177.2 177.2l-49.6-60.6c-6.8-8.3-18.2-11.1-28-6.9l-112 48C3.9 366.5-2 378.1.6 389.4l24 104C27.1 504.2 36.7 512 48 512c256.1 0 464-207.5 464-464 0-11.2-7.7-20.9-18.6-23.4z\"><\/path><\/svg>\t\t\t\t\t\t<\/span>\n\t\t\t\t\t\t\t\t\t\t<span class=\"elementor-icon-list-text\">01 42 71 89 43<\/span>\n\t\t\t\t\t\t\t\t\t<\/li>\n\t\t\t\t\t\t\t\t<li class=\"elementor-icon-list-item\">\n\t\t\t\t\t\t\t\t\t\t\t<span class=\"elementor-icon-list-icon\">\n\t\t\t\t\t\t\t<svg aria-hidden=\"true\" class=\"e-font-icon-svg e-fas-mail-bulk\" viewBox=\"0 0 576 512\" xmlns=\"http:\/\/www.w3.org\/2000\/svg\"><path d=\"M160 448c-25.6 0-51.2-22.4-64-32-64-44.8-83.2-60.8-96-70.4V480c0 17.67 14.33 32 32 32h256c17.67 0 32-14.33 32-32V345.6c-12.8 9.6-32 25.6-96 70.4-12.8 9.6-38.4 32-64 32zm128-192H32c-17.67 0-32 14.33-32 32v16c25.6 19.2 22.4 19.2 115.2 86.4 9.6 6.4 28.8 25.6 44.8 25.6s35.2-19.2 44.8-22.4c92.8-67.2 89.6-67.2 115.2-86.4V288c0-17.67-14.33-32-32-32zm256-96H224c-17.67 0-32 14.33-32 32v32h96c33.21 0 60.59 25.42 63.71 57.82l.29-.22V416h192c17.67 0 32-14.33 32-32V192c0-17.67-14.33-32-32-32zm-32 128h-64v-64h64v64zm-352-96c0-35.29 28.71-64 64-64h224V32c0-17.67-14.33-32-32-32H96C78.33 0 64 14.33 64 32v192h96v-32z\"><\/path><\/svg>\t\t\t\t\t\t<\/span>\n\t\t\t\t\t\t\t\t\t\t<span class=\"elementor-icon-list-text\">communication@novelcast.com<\/span>\n\t\t\t\t\t\t\t\t\t<\/li>\n\t\t\t\t\t\t<\/ul>\n\t\t\t\t\t\t<\/div>\n\t\t\t\t<\/div>\n\t\t\t\t<\/div>\n\t\t\t\t<\/div>\n\t\t<div class=\"elementor-element elementor-element-23c07735 e-con-full e-flex qodef-elementor-content-no e-con e-parent\" data-id=\"23c07735\" data-element_type=\"container\" data-settings=\"{&quot;background_background&quot;:&quot;classic&quot;}\">\n\t\t<div class=\"elementor-element elementor-element-744ccc2a e-con-full e-flex qodef-elementor-content-no e-con e-child\" data-id=\"744ccc2a\" data-element_type=\"container\" data-settings=\"{&quot;background_background&quot;:&quot;classic&quot;}\">\n\t\t\t\t<div class=\"elementor-element elementor-element-38935581 elementor-widget elementor-widget-google_maps\" data-id=\"38935581\" data-element_type=\"widget\" data-widget_type=\"google_maps.default\">\n\t\t\t\t<div class=\"elementor-widget-container\">\n\t\t\t\t\t\t\t<div class=\"elementor-custom-embed\">\n\t\t\t<iframe loading=\"lazy\"\n\t\t\t\t\tsrc=\"https:\/\/maps.google.com\/maps?q=84%20rue%20buzenval%2075020&#038;t=m&#038;z=17&#038;output=embed&#038;iwloc=near\"\n\t\t\t\t\ttitle=\"84 rue buzenval 75020\"\n\t\t\t\t\taria-label=\"84 rue buzenval 75020\"\n\t\t\t><\/iframe>\n\t\t<\/div>\n\t\t\t\t\t\t<\/div>\n\t\t\t\t<\/div>\n\t\t\t\t<\/div>\n\t\t<div class=\"elementor-element elementor-element-72f24958 e-con-full e-flex qodef-elementor-content-no e-con e-child\" data-id=\"72f24958\" data-element_type=\"container\">\n\t\t\t\t<div class=\"elementor-element elementor-element-262a7a2a elementor-invisible elementor-widget elementor-widget-heading\" data-id=\"262a7a2a\" data-element_type=\"widget\" data-settings=\"{&quot;_animation&quot;:&quot;bounceInUp&quot;}\" data-widget_type=\"heading.default\">\n\t\t\t\t<div class=\"elementor-widget-container\">\n\t\t\t\t\t<h2 class=\"elementor-heading-title elementor-size-default\">\u00c9coutez... Il y a tant \u00e0 voir !<\/h2>\t\t\t\t<\/div>\n\t\t\t\t<\/div>\n\t\t\t\t<\/div>\n\t\t\t\t<\/div>\n\t\t\t\t<\/div>\n\t\t","protected":false},"excerpt":{"rendered":"<p>Chez Novelcast&#8230; nous sommes toujours ouverts \u00e0 de nouvelles collaborations. N&rsquo;h\u00e9sitez pas \u00e0 nous contacter, nous serons ravis d&rsquo;\u00e9changer avec vous ! 84 rue de Buzenval, 75020 Paris Lundi &#8211; Vendredi \/ 9:30-18:30 01 42 71 89 43 communication@novelcast.com \u00c9coutez&#8230; Il y a tant \u00e0 voir !<\/p>\n","protected":false},"author":1,"featured_media":0,"parent":0,"menu_order":4,"comment_status":"closed","ping_status":"closed","template":"elementor_canvas","meta":{"footnotes":""},"class_list":["post-418","page","type-page","status-publish","hentry"],"_links":{"self":[{"href":"https:\/\/2025.novelcast.com\/index.php?rest_route=\/wp\/v2\/pages\/418","targetHints":{"allow":["GET"]}}],"collection":[{"href":"https:\/\/2025.novelcast.com\/index.php?rest_route=\/wp\/v2\/pages"}],"about":[{"href":"https:\/\/2025.novelcast.com\/index.php?rest_route=\/wp\/v2\/types\/page"}],"author":[{"embeddable":true,"href":"https:\/\/2025.novelcast.com\/index.php?rest_route=\/wp\/v2\/users\/1"}],"replies":[{"embeddable":true,"href":"https:\/\/2025.novelcast.com\/index.php?rest_route=%2Fwp%2Fv2%2Fcomments&post=418"}],"version-history":[{"count":32,"href":"https:\/\/2025.novelcast.com\/index.php?rest_route=\/wp\/v2\/pages\/418\/revisions"}],"predecessor-version":[{"id":3368,"href":"https:\/\/2025.novelcast.com\/index.php?rest_route=\/wp\/v2\/pages\/418\/revisions\/3368"}],"wp:attachment":[{"href":"https:\/\/2025.novelcast.com\/index.php?rest_route=%2Fwp%2Fv2%2Fmedia&parent=418"}],"curies":[{"name":"wp","href":"https:\/\/api.w.org\/{rel}","templated":true}]}}